{"id":137,"date":"2020-05-17T11:14:21","date_gmt":"2020-05-17T11:14:21","guid":{"rendered":"https:\/\/impresionexpress.com.co\/index.php\/about\/"},"modified":"2022-08-20T12:57:19","modified_gmt":"2022-08-20T17:57:19","slug":"quienes-somos","status":"publish","type":"page","link":"https:\/\/impresionexpress.com.co\/index.php\/quienes-somos\/","title":{"rendered":"Quienes Somos"},"content":{"rendered":"\t\t<div data-elementor-type=\"wp-page\" data-elementor-id=\"137\" class=\"elementor elementor-137\">\n\t\t\t\t\t\t<section class=\"elementor-section elementor-top-section elementor-element elementor-element-1800d5f elementor-section-full_width elementor-section-height-default elementor-section-height-default\" data-id=\"1800d5f\" data-element_type=\"section\" data-settings=\"{&quot;background_background&quot;:&quot;classic&quot;}\">\n\t\t\t\t\t\t<div class=\"elementor-container elementor-column-gap-default\">\n\t\t\t\t\t<div class=\"aux-parallax-section elementor-column elementor-col-100 elementor-top-column elementor-element elementor-element-1684878\" data-id=\"1684878\" data-element_type=\"column\" data-settings=\"{&quot;background_background&quot;:&quot;classic&quot;}\">\n\t\t\t<div class=\"elementor-widget-wrap elementor-element-populated\">\n\t\t\t\t\t\t<div class=\"elementor-element elementor-element-f879ee1 elementor-widget__width-auto elementor-widget elementor-widget-aux_simple_svg\" data-id=\"f879ee1\" data-element_type=\"widget\" data-widget_type=\"aux_simple_svg.default\">\n\t\t\t\t<div class=\"elementor-widget-container\">\n\t\t\t    <div class=\"aux-widget-container aux-simple-svg-container\">\n        <div class=\"aux-widget-container-inner\">\n            <div class=\"aux-the-svg\"><img decoding=\"async\" src=\"https:\/\/impresionexpress.com.co\/wp-content\/uploads\/2020\/06\/Path-980.png\" title=\"demo-attachment-12-Path-980\" alt=\"demo-attachment-12-Path-980\" loading=\"lazy\" \/><\/div>\n        <\/div>\n    <\/div>\n    \t\t<\/div>\n\t\t\t\t<\/div>\n\t\t\t\t<div class=\"elementor-element elementor-element-292fb1d elementor-widget__width-auto elementor-widget elementor-widget-aux_simple_svg\" data-id=\"292fb1d\" data-element_type=\"widget\" data-widget_type=\"aux_simple_svg.default\">\n\t\t\t\t<div class=\"elementor-widget-container\">\n\t\t\t    <div class=\"aux-widget-container aux-simple-svg-container\">\n        <div class=\"aux-widget-container-inner\">\n            <div class=\"aux-the-svg\"><img decoding=\"async\" src=\"https:\/\/impresionexpress.com.co\/wp-content\/uploads\/2020\/05\/Path-979.png\" title=\"demo-attachment-22-Path-979\" alt=\"demo-attachment-22-Path-979\" loading=\"lazy\" \/><\/div>\n        <\/div>\n    <\/div>\n    \t\t<\/div>\n\t\t\t\t<\/div>\n\t\t\t\t<section class=\"elementor-section elementor-inner-section elementor-element elementor-element-4191313 elementor-section-boxed elementor-section-height-default elementor-section-height-default\" data-id=\"4191313\" data-element_type=\"section\">\n\t\t\t\t\t\t<div class=\"elementor-container elementor-column-gap-default\">\n\t\t\t\t\t<div class=\"aux-parallax-section elementor-column elementor-col-100 elementor-inner-column elementor-element elementor-element-a01aed0\" data-id=\"a01aed0\" data-element_type=\"column\">\n\t\t\t<div class=\"elementor-widget-wrap elementor-element-populated\">\n\t\t\t\t\t\t<div class=\"elementor-element elementor-element-00df1f0 elementor-widget elementor-widget-aux_modern_heading\" data-id=\"00df1f0\" data-element_type=\"widget\" data-widget_type=\"aux_modern_heading.default\">\n\t\t\t\t<div class=\"elementor-widget-container\">\n\t\t\t<section class=\"aux-widget-modern-heading\">\n            <div class=\"aux-widget-inner\"><h2 class=\"aux-modern-heading-primary\">Quienes Somos<\/h2><\/div>\n        <\/section>\t\t<\/div>\n\t\t\t\t<\/div>\n\t\t\t\t<div class=\"elementor-element elementor-element-df1acb4 elementor-widget elementor-widget-aux_icon_list\" data-id=\"df1acb4\" data-element_type=\"widget\" data-widget_type=\"aux_icon_list.default\">\n\t\t\t\t<div class=\"elementor-widget-container\">\n\t\t\t<section class=\"widget-container aux-widget-icon-list aux-parent-au6326cb59\"><div class=\"widget-inner\"><div class=\"aux-widget-icon-list-inner\"><ul class=\"aux-icon-list-items aux-direction-horizontal\"><li class=\"aux-icon-list-item aux-list-item-has-connector aux-list-item-has-icon aux-icon-list-item-4e0fcf4 elementor-repeater-item-4e0fcf4\"><a class=\"aux-icon-list-link\" href=\"#\"><span class=\"aux-icon-list-text\">Inicio<\/span><span class=\"aux-list-connector\"><\/span><\/a><\/li><li class=\"aux-icon-list-item aux-list-item-has-connector aux-list-item-has-icon aux-icon-list-item-e230993 elementor-repeater-item-e230993\"><span class=\"aux-icon-list-icon auxicon2 auxicon2-arrows-chevron-thin-right\"><\/span><span class=\"aux-list-connector\"><\/span><\/li><li class=\"aux-icon-list-item aux-list-item-has-connector aux-list-item-has-icon aux-icon-list-item-add3760 elementor-repeater-item-add3760\"><span class=\"aux-icon-list-text\">Quienes Somos<\/span><span class=\"aux-list-connector\"><\/span><\/li><\/ul><\/div><\/div><\/section><!-- widget-container -->\t\t<\/div>\n\t\t\t\t<\/div>\n\t\t\t\t\t<\/div>\n\t\t<\/div>\n\t\t\t\t\t<\/div>\n\t\t<\/section>\n\t\t\t\t\t<\/div>\n\t\t<\/div>\n\t\t\t\t\t<\/div>\n\t\t<\/section>\n\t\t\t\t<section class=\"elementor-section elementor-top-section elementor-element elementor-element-da8d316 elementor-section-boxed elementor-section-height-default elementor-section-height-default\" data-id=\"da8d316\" data-element_type=\"section\">\n\t\t\t\t\t\t<div class=\"elementor-container elementor-column-gap-no\">\n\t\t\t\t\t<div class=\"aux-parallax-section elementor-column elementor-col-100 elementor-top-column elementor-element elementor-element-8cb861b\" data-id=\"8cb861b\" data-element_type=\"column\">\n\t\t\t<div class=\"elementor-widget-wrap elementor-element-populated\">\n\t\t\t\t\t\t<div class=\"aux-scroll-anim elementor-element elementor-element-3c4b034 aux-shpe-type-rectangle elementor-widget elementor-widget-aux_simple_shape\" data-move-in=\"rotateIn\" data-move-out=\"rotateIn\" data-axis-x=\"200\" data-axis-y=\"200\" data-rotate=\"-6\" data-scale=\"1\" data-vp-top=\"0.5\" data-vp-bot=\"0.5\" data-el-top=\"0.2\" data-scroll-animation-off=\"1024\" data-id=\"3c4b034\" data-element_type=\"widget\" data-widget_type=\"aux_simple_shape.default\">\n\t\t\t\t<div class=\"elementor-widget-container\">\n\t\t\t    <div class=\"aux-widget-container aux-simple-shape-container\">\n        <div class=\"aux-widget-container-inner\">\n            <div class=\"aux-the-shape\"><\/div>\n        <\/div>\n    <\/div>\n    \t\t<\/div>\n\t\t\t\t<\/div>\n\t\t\t\t<div class=\"aux-scroll-anim elementor-element elementor-element-f2c2ef7 aux-shpe-type-rectangle elementor-widget elementor-widget-aux_simple_shape\" data-move-in=\"rotateIn\" data-move-out=\"rotateIn\" data-axis-x=\"200\" data-axis-y=\"200\" data-rotate=\"-6\" data-scale=\"1\" data-vp-top=\"0.5\" data-vp-bot=\"0.5\" data-el-top=\"0.2\" data-scroll-animation-off=\"1024\" data-id=\"f2c2ef7\" data-element_type=\"widget\" data-widget_type=\"aux_simple_shape.default\">\n\t\t\t\t<div class=\"elementor-widget-container\">\n\t\t\t    <div class=\"aux-widget-container aux-simple-shape-container\">\n        <div class=\"aux-widget-container-inner\">\n            <div class=\"aux-the-shape\"><\/div>\n        <\/div>\n    <\/div>\n    \t\t<\/div>\n\t\t\t\t<\/div>\n\t\t\t\t<section class=\"elementor-section elementor-inner-section elementor-element elementor-element-7d0a241 elementor-section-content-middle elementor-reverse-tablet elementor-reverse-mobile elementor-section-boxed elementor-section-height-default elementor-section-height-default\" data-id=\"7d0a241\" data-element_type=\"section\">\n\t\t\t\t\t\t<div class=\"elementor-container elementor-column-gap-default\">\n\t\t\t\t\t<div class=\"aux-parallax-section elementor-column elementor-col-50 elementor-inner-column elementor-element elementor-element-14ea28b\" data-id=\"14ea28b\" data-element_type=\"column\">\n\t\t\t<div class=\"elementor-widget-wrap elementor-element-populated\">\n\t\t\t\t\t\t<div class=\"elementor-element elementor-element-79039bc elementor-widget elementor-widget-image\" data-id=\"79039bc\" data-element_type=\"widget\" data-widget_type=\"image.default\">\n\t\t\t\t<div class=\"elementor-widget-container\">\n\t\t\t\t\t\t\t\t\t\t\t\t\t<img fetchpriority=\"high\" decoding=\"async\" width=\"400\" height=\"400\" src=\"https:\/\/impresionexpress.com.co\/wp-content\/uploads\/2022\/07\/logo-circular.png\" class=\"attachment-medium_large size-medium_large wp-image-761\" alt=\"\" srcset=\"https:\/\/impresionexpress.com.co\/wp-content\/uploads\/2022\/07\/logo-circular.png 400w, https:\/\/impresionexpress.com.co\/wp-content\/uploads\/2022\/07\/logo-circular-300x300.png 300w, https:\/\/impresionexpress.com.co\/wp-content\/uploads\/2022\/07\/logo-circular-150x150.png 150w, https:\/\/impresionexpress.com.co\/wp-content\/uploads\/2022\/07\/logo-circular-100x100.png 100w\" sizes=\"(max-width: 400px) 100vw, 400px\" \/>\t\t\t\t\t\t\t\t\t\t\t\t\t<\/div>\n\t\t\t\t<\/div>\n\t\t\t\t<div class=\"elementor-element elementor-element-36907fd aux-appear-watch-animation aux-fade-in-up-1 elementor-widget elementor-widget-aux_modern_heading\" data-id=\"36907fd\" data-element_type=\"widget\" data-widget_type=\"aux_modern_heading.default\">\n\t\t\t\t<div class=\"elementor-widget-container\">\n\t\t\t<section class=\"aux-widget-modern-heading\">\n            <div class=\"aux-widget-inner\"><h2 class=\"aux-modern-heading-primary\">Bienvenido a<\/h2><h3 class=\"aux-modern-heading-secondary\"><span class=\"aux-head-highlight\">Centro de Impresi\u00f3n Express - Cedritos<\/span><\/h3><div class=\"aux-modern-heading-divider\"><\/div><div class=\"aux-modern-heading-description\"><h3>Iniciamos labores en el sector de Cedritos hace 15 a\u00f1os y llegamos para quedarnos. Somos un centro de impresi\u00f3n donde puede encontrar una variedad de servicios que solucionan su requerimiento, impresi\u00f3n l\u00e1ser, impresi\u00f3n gran formato, impresi\u00f3n de planos, publicidad exterior, merchandising, insumos de papeleria, dise\u00f1o <span style=\"color: #999999\">gr\u00e1fico,<\/span> corte l\u00e1ser, grabado l\u00e1ser y mucho m\u00e1s. Ac\u00e9rquese a nuestras instalaciones cu\u00e9ntenos sobre su proyecto y le asesoraremos para darle la mejor soluci\u00f3n en impresi\u00f3n o producci\u00f3n. Esperamos tener el gusto de atenderl@.<\/h3><\/div><\/div>\n        <\/section>\t\t<\/div>\n\t\t\t\t<\/div>\n\t\t\t\t\t<\/div>\n\t\t<\/div>\n\t\t\t\t<div class=\"aux-parallax-section elementor-column elementor-col-50 elementor-inner-column elementor-element elementor-element-8e3e3f4\" data-id=\"8e3e3f4\" data-element_type=\"column\">\n\t\t\t<div class=\"elementor-widget-wrap elementor-element-populated\">\n\t\t\t\t\t\t<div class=\"elementor-element elementor-element-43d881c aux-appear-watch-animation aux-fade-in-up-2 elementor-widget elementor-widget-aux_image\" data-id=\"43d881c\" data-element_type=\"widget\" data-widget_type=\"aux_image.default\">\n\t\t\t\t<div class=\"elementor-widget-container\">\n\t\t\t<section class=\"widget-container aux-widget-image aux-alignnone aux-parent-audeceb367\">\n    <div class=\"aux-media-hint-frame \">\n        <div class=\"aux-media-image \" >\n        \n            \n\n            \n            <img decoding=\"async\" width=\"923\" height=\"748\" src=\"https:\/\/impresionexpress.com.co\/wp-content\/uploads\/2022\/07\/local-1.png\" class=\"aux-attachment aux-featured-image aux-attachment-id-776\" alt=\"local\" data-ratio=\"1.23\" data-original-w=\"923\" \/>            \n                <\/div>\n    <\/div>\n\n<\/section><!-- widget-container -->\t\t<\/div>\n\t\t\t\t<\/div>\n\t\t\t\t\t<\/div>\n\t\t<\/div>\n\t\t\t\t\t<\/div>\n\t\t<\/section>\n\t\t\t\t\t<\/div>\n\t\t<\/div>\n\t\t\t\t\t<\/div>\n\t\t<\/section>\n\t\t\t\t<section class=\"elementor-section elementor-top-section elementor-element elementor-element-6eb8965 elementor-section-full_width elementor-section-height-default elementor-section-height-default\" data-id=\"6eb8965\" data-element_type=\"section\">\n\t\t\t\t\t\t<div class=\"elementor-container elementor-column-gap-default\">\n\t\t\t\t\t<div class=\"aux-parallax-section elementor-column elementor-col-100 elementor-top-column elementor-element elementor-element-e758c42\" data-id=\"e758c42\" data-element_type=\"column\">\n\t\t\t<div class=\"elementor-widget-wrap elementor-element-populated\">\n\t\t\t\t\t\t<div class=\"elementor-element elementor-element-7bee6d5 elementor-widget__width-auto elementor-widget elementor-widget-aux_simple_svg\" data-id=\"7bee6d5\" data-element_type=\"widget\" data-widget_type=\"aux_simple_svg.default\">\n\t\t\t\t<div class=\"elementor-widget-container\">\n\t\t\t    <div class=\"aux-widget-container aux-simple-svg-container\">\n        <div class=\"aux-widget-container-inner\">\n            <div class=\"aux-the-svg\"><img decoding=\"async\" src=\"https:\/\/impresionexpress.com.co\/wp-content\/uploads\/2020\/05\/Path-969.svg\" title=\"\" alt=\"\" loading=\"lazy\" \/><\/div>\n        <\/div>\n    <\/div>\n    \t\t<\/div>\n\t\t\t\t<\/div>\n\t\t\t\t\t<\/div>\n\t\t<\/div>\n\t\t\t\t\t<\/div>\n\t\t<\/section>\n\t\t\t\t<section class=\"elementor-section elementor-top-section elementor-element elementor-element-403127a aux-appear-watch-animation aux-fade-in-up elementor-section-boxed elementor-section-height-default elementor-section-height-default\" data-id=\"403127a\" data-element_type=\"section\">\n\t\t\t\t\t\t<div class=\"elementor-container elementor-column-gap-default\">\n\t\t\t\t\t<div class=\"aux-parallax-section elementor-column elementor-col-100 elementor-top-column elementor-element elementor-element-d862efe\" data-id=\"d862efe\" data-element_type=\"column\" data-settings=\"{&quot;background_background&quot;:&quot;classic&quot;}\">\n\t\t\t<div class=\"elementor-widget-wrap elementor-element-populated\">\n\t\t\t\t\t\t<section class=\"elementor-section elementor-inner-section elementor-element elementor-element-fb1c57c elementor-section-boxed elementor-section-height-default elementor-section-height-default\" data-id=\"fb1c57c\" data-element_type=\"section\">\n\t\t\t\t\t\t<div class=\"elementor-container elementor-column-gap-default\">\n\t\t\t\t\t<div class=\"aux-parallax-section elementor-column elementor-col-50 elementor-inner-column elementor-element elementor-element-a10e1b0\" data-id=\"a10e1b0\" data-element_type=\"column\">\n\t\t\t<div class=\"elementor-widget-wrap elementor-element-populated\">\n\t\t\t\t\t\t<div class=\"elementor-element elementor-element-bdacb71 aux-appear-watch-animation aux-fade-in-up elementor-widget elementor-widget-aux_modern_heading\" data-id=\"bdacb71\" data-element_type=\"widget\" data-widget_type=\"aux_modern_heading.default\">\n\t\t\t\t<div class=\"elementor-widget-container\">\n\t\t\t<section class=\"aux-widget-modern-heading\">\n            <div class=\"aux-widget-inner\"><h2 class=\"aux-modern-heading-primary\">Resuelve tus inquietudes<\/h2><h3 class=\"aux-modern-heading-secondary\"><span class=\"aux-head-highlight\">Preguntas Frecuentes<\/span><\/h3><div class=\"aux-modern-heading-divider\"><\/div><\/div>\n        <\/section>\t\t<\/div>\n\t\t\t\t<\/div>\n\t\t\t\t\t<\/div>\n\t\t<\/div>\n\t\t\t\t<div class=\"aux-parallax-section elementor-column elementor-col-50 elementor-inner-column elementor-element elementor-element-75e0c49\" data-id=\"75e0c49\" data-element_type=\"column\">\n\t\t\t<div class=\"elementor-widget-wrap elementor-element-populated\">\n\t\t\t\t\t\t<div class=\"elementor-element elementor-element-a16852a aux-appear-watch-animation aux-fade-in-up elementor-widget elementor-widget-text-editor\" data-id=\"a16852a\" data-element_type=\"widget\" data-widget_type=\"text-editor.default\">\n\t\t\t\t<div class=\"elementor-widget-container\">\n\t\t\t\t\t\t\t<h5>Si tienes alguna duda, consulta nuestras preguntas frecuentes para resolverla. Si estas respuestas no resuleven tu dida cont\u00e1ctanos a nuestro Whatsapp, que estatemos atentos a resolver cualquier inquietud.<\/h5>\t\t\t\t\t\t<\/div>\n\t\t\t\t<\/div>\n\t\t\t\t\t<\/div>\n\t\t<\/div>\n\t\t\t\t\t<\/div>\n\t\t<\/section>\n\t\t\t\t<section class=\"elementor-section elementor-inner-section elementor-element elementor-element-2874576 elementor-section-boxed elementor-section-height-default elementor-section-height-default\" data-id=\"2874576\" data-element_type=\"section\">\n\t\t\t\t\t\t<div class=\"elementor-container elementor-column-gap-default\">\n\t\t\t\t\t<div class=\"aux-parallax-section elementor-column elementor-col-50 elementor-inner-column elementor-element elementor-element-9857086\" data-id=\"9857086\" data-element_type=\"column\">\n\t\t\t<div class=\"elementor-widget-wrap elementor-element-populated\">\n\t\t\t\t\t\t<div class=\"elementor-element elementor-element-2331848 aux-appear-watch-animation aux-fade-in-up elementor-widget elementor-widget-aux_accordion\" data-id=\"2331848\" data-element_type=\"widget\" data-widget_type=\"aux_accordion.default\">\n\t\t\t\t<div class=\"elementor-widget-container\">\n\t\t\t<section class=\"widget-container aux-widget-accordion widget-toggle aux-parent-au6b7e24ad\" style=\"\" ><div class=\"widget-inner  aux-type-toggle\" data-toggle=\"true\"><section class=\"aux-toggle-item\"><h5 id=\"aux-toggle-header-3691\" class=\"aux-toggle-header toggle-header\" tabindex=\"3691\" role=\"tab\" aria-controls=\"aux-toggle-content-3691\" >En que tipo de formato env\u00edo el archivo?<\/h5><div id=\"aux-toggle-content-3691\" class=\"aux-toggle-content toggle-content\" tabindex=\"3691\" role=\"tabpanel\" aria-labelledby=\"aux-toggle-header-3691\" ><p><h5><span style=\"color: #333300\">Debes enviar tus archivos en Formato PDF o Editable (Corel, Illustrator o Photoshop)<\/span><\/h5><\/p><\/div><\/section><section class=\"aux-toggle-item\"><h5 id=\"aux-toggle-header-3692\" class=\"aux-toggle-header toggle-header\" tabindex=\"3692\" role=\"tab\" aria-controls=\"aux-toggle-content-3692\" >Cual es el tiempo de entrega para las impresiones litogr\u00e1ficas?<\/h5><div id=\"aux-toggle-content-3692\" class=\"aux-toggle-content toggle-content\" tabindex=\"3692\" role=\"tabpanel\" aria-labelledby=\"aux-toggle-header-3692\" ><p><h5><span style=\"color: #000000\">El tiempo de entrega para las tarjetas de presentaci\u00f3n, Volantes, Brochures y Facturas, u otro prodcuto que requiera ser impreso por litograf\u00eda es de 3-4 d\u00edas h\u00e1biles. Una vez aprobado el dise\u00f1o y dependiendo de la cantidad.<\/span><\/h5><\/p><\/div><\/section><section class=\"aux-toggle-item\"><h5 id=\"aux-toggle-header-3693\" class=\"aux-toggle-header toggle-header\" tabindex=\"3693\" role=\"tab\" aria-controls=\"aux-toggle-content-3693\" >Que costo tiene una Valla y Bandera Publicitarias?<\/h5><div id=\"aux-toggle-content-3693\" class=\"aux-toggle-content toggle-content\" tabindex=\"3693\" role=\"tabpanel\" aria-labelledby=\"aux-toggle-header-3693\" ><p><h5><span style=\"color: #000000\">Debes comunicarte a nuestros n\u00fameros de contacto para una Asesor\u00eda personalizada.<\/span><\/h5><\/p><\/div><\/section><\/div><\/section><!-- widget-container -->\t\t<\/div>\n\t\t\t\t<\/div>\n\t\t\t\t\t<\/div>\n\t\t<\/div>\n\t\t\t\t<div class=\"aux-parallax-section elementor-column elementor-col-50 elementor-inner-column elementor-element elementor-element-6630ee0\" data-id=\"6630ee0\" data-element_type=\"column\">\n\t\t\t<div class=\"elementor-widget-wrap elementor-element-populated\">\n\t\t\t\t\t\t<div class=\"elementor-element elementor-element-ad93b6e aux-appear-watch-animation aux-fade-in-up elementor-widget elementor-widget-aux_accordion\" data-id=\"ad93b6e\" data-element_type=\"widget\" data-widget_type=\"aux_accordion.default\">\n\t\t\t\t<div class=\"elementor-widget-container\">\n\t\t\t<section class=\"widget-container aux-widget-accordion widget-toggle aux-parent-au26bc1d2f\" style=\"\" ><div class=\"widget-inner  aux-type-toggle\" data-toggle=\"true\"><section class=\"aux-toggle-item\"><h5 id=\"aux-toggle-header-1821\" class=\"aux-toggle-header toggle-header\" tabindex=\"1821\" role=\"tab\" aria-controls=\"aux-toggle-content-1821\" >Como es el medio de Pago?<\/h5><div id=\"aux-toggle-content-1821\" class=\"aux-toggle-content toggle-content\" tabindex=\"1821\" role=\"tabpanel\" aria-labelledby=\"aux-toggle-header-1821\" ><p><h5><span style=\"color: #000000\">70% de Inicial. 30%Contra entrega. Y los medios de pago son NEQUI, DAVIPLATA, TRANSFERECIAS Y EFECTIVO<\/span><\/h5><\/p><\/div><\/section><section class=\"aux-toggle-item\"><h5 id=\"aux-toggle-header-1822\" class=\"aux-toggle-header toggle-header\" tabindex=\"1822\" role=\"tab\" aria-controls=\"aux-toggle-content-1822\" >Tienen servicio a Domicilio?<\/h5><div id=\"aux-toggle-content-1822\" class=\"aux-toggle-content toggle-content\" tabindex=\"1822\" role=\"tabpanel\" aria-labelledby=\"aux-toggle-header-1822\" ><p><h5><span style=\"color: #000000\">\u00a0Si se te dificulta retirar tus impresiones o trabajos en nuestra oficina, Contamos con servicio a Domicilio. O de igual manera puedes enviar el servicio domiciliario de tu preferencia.<\/span><\/h5><\/p><\/div><\/section><section class=\"aux-toggle-item\"><h5 id=\"aux-toggle-header-1823\" class=\"aux-toggle-header toggle-header\" tabindex=\"1823\" role=\"tab\" aria-controls=\"aux-toggle-content-1823\" >Cuanto tiempo tarda la elaboraci\u00f3n de un dise\u00f1o?<\/h5><div id=\"aux-toggle-content-1823\" class=\"aux-toggle-content toggle-content\" tabindex=\"1823\" role=\"tabpanel\" aria-labelledby=\"aux-toggle-header-1823\" ><p><h5><span style=\"color: #000000\">De 2 a 3 d\u00edas, teniendo en cuanta la dificultad del dise\u00f1o y el trabajo que tenga al momento nuestro equipo de dise\u00f1adores.<\/span><\/h5><\/p><\/div><\/section><\/div><\/section><!-- widget-container -->\t\t<\/div>\n\t\t\t\t<\/div>\n\t\t\t\t\t<\/div>\n\t\t<\/div>\n\t\t\t\t\t<\/div>\n\t\t<\/section>\n\t\t\t\t\t<\/div>\n\t\t<\/div>\n\t\t\t\t\t<\/div>\n\t\t<\/section>\n\t\t\t\t<\/div>\n\t\t","protected":false},"excerpt":{"rendered":"<p>Quienes Somos Inicio Quienes Somos Bienvenido a Centro de Impresi\u00f3n Express &#8211; Cedritos Iniciamos labores en el sector de Cedritos hace 15 a\u00f1os y llegamos para quedarnos. Somos un centro de impresi\u00f3n donde puede encontrar una variedad de servicios que solucionan su requerimiento, impresi\u00f3n l\u00e1ser, impresi\u00f3n gran formato, impresi\u00f3n de planos, publicidad exterior, merchandising, insumos [&hellip;]<\/p>\n","protected":false},"author":1,"featured_media":0,"parent":0,"menu_order":0,"comment_status":"closed","ping_status":"closed","template":"","meta":{"_monsterinsights_skip_tracking":false,"_monsterinsights_sitenote_active":false,"_monsterinsights_sitenote_note":"","_monsterinsights_sitenote_category":0,"footnotes":""},"aioseo_notices":[],"_links":{"self":[{"href":"https:\/\/impresionexpress.com.co\/index.php\/wp-json\/wp\/v2\/pages\/137"}],"collection":[{"href":"https:\/\/impresionexpress.com.co\/index.php\/wp-json\/wp\/v2\/pages"}],"about":[{"href":"https:\/\/impresionexpress.com.co\/index.php\/wp-json\/wp\/v2\/types\/page"}],"author":[{"embeddable":true,"href":"https:\/\/impresionexpress.com.co\/index.php\/wp-json\/wp\/v2\/users\/1"}],"replies":[{"embeddable":true,"href":"https:\/\/impresionexpress.com.co\/index.php\/wp-json\/wp\/v2\/comments?post=137"}],"version-history":[{"count":41,"href":"https:\/\/impresionexpress.com.co\/index.php\/wp-json\/wp\/v2\/pages\/137\/revisions"}],"predecessor-version":[{"id":1428,"href":"https:\/\/impresionexpress.com.co\/index.php\/wp-json\/wp\/v2\/pages\/137\/revisions\/1428"}],"wp:attachment":[{"href":"https:\/\/impresionexpress.com.co\/index.php\/wp-json\/wp\/v2\/media?parent=137"}],"curies":[{"name":"wp","href":"https:\/\/api.w.org\/{rel}","templated":true}]}}