{"id":1044,"date":"2022-08-06T04:57:38","date_gmt":"2022-08-06T04:57:38","guid":{"rendered":"https:\/\/impresionexpress.com.co\/?post_type=product&#038;p=1044"},"modified":"2022-08-11T03:31:39","modified_gmt":"2022-08-11T03:31:39","slug":"maquetas","status":"publish","type":"product","link":"https:\/\/impresionexpress.com.co\/index.php\/product\/maquetas\/","title":{"rendered":"Proyectos Personales"},"content":{"rendered":"","protected":false},"excerpt":{"rendered":"<h3>Corte y Grabado l\u00e1ser para proyectos personales, emprendimientos, decoraci\u00f3n, dise\u00f1o de interiores<\/h3>\n","protected":false},"featured_media":1093,"template":"","meta":{"_monsterinsights_skip_tracking":false,"_monsterinsights_sitenote_active":false,"_monsterinsights_sitenote_note":"","_monsterinsights_sitenote_category":0},"product_cat":[53],"product_tag":[249,152,252,261,165,262],"aioseo_notices":[],"_links":{"self":[{"href":"https:\/\/impresionexpress.com.co\/index.php\/wp-json\/wp\/v2\/product\/1044"}],"collection":[{"href":"https:\/\/impresionexpress.com.co\/index.php\/wp-json\/wp\/v2\/product"}],"about":[{"href":"https:\/\/impresionexpress.com.co\/index.php\/wp-json\/wp\/v2\/types\/product"}],"version-history":[{"count":5,"href":"https:\/\/impresionexpress.com.co\/index.php\/wp-json\/wp\/v2\/product\/1044\/revisions"}],"predecessor-version":[{"id":1359,"href":"https:\/\/impresionexpress.com.co\/index.php\/wp-json\/wp\/v2\/product\/1044\/revisions\/1359"}],"wp:featuredmedia":[{"embeddable":true,"href":"https:\/\/impresionexpress.com.co\/index.php\/wp-json\/wp\/v2\/media\/1093"}],"wp:attachment":[{"href":"https:\/\/impresionexpress.com.co\/index.php\/wp-json\/wp\/v2\/media?parent=1044"}],"wp:term":[{"taxonomy":"product_cat","embeddable":true,"href":"https:\/\/impresionexpress.com.co\/index.php\/wp-json\/wp\/v2\/product_cat?post=1044"},{"taxonomy":"product_tag","embeddable":true,"href":"https:\/\/impresionexpress.com.co\/index.php\/wp-json\/wp\/v2\/product_tag?post=1044"}],"curies":[{"name":"wp","href":"https:\/\/api.w.org\/{rel}","templated":true}]}}