{"id":429,"date":"2022-07-27T02:30:09","date_gmt":"2022-07-27T02:30:09","guid":{"rendered":"https:\/\/impresionexpress.com.co\/?post_type=product&#038;p=429"},"modified":"2022-08-08T02:36:22","modified_gmt":"2022-08-08T02:36:22","slug":"impresion-color-y-negro","status":"publish","type":"product","link":"https:\/\/impresionexpress.com.co\/index.php\/product\/impresion-color-y-negro\/","title":{"rendered":"Impresi\u00f3n Color y Negro"},"content":{"rendered":"","protected":false},"excerpt":{"rendered":"<h3><span style=\"vertical-align: inherit;\"><span style=\"vertical-align: inherit;\">Impresi\u00f3n en color y negro, de todo tipo de documentos empresariales, licitaciones, proyectos universitarios, dise\u00f1os, panfletos con excelente resoluci\u00f3n y fidelidad, diferentes sustratos y tama\u00f1o<\/span><\/span><\/h3>\n","protected":false},"featured_media":1221,"template":"","meta":{"_monsterinsights_skip_tracking":false,"_monsterinsights_sitenote_active":false,"_monsterinsights_sitenote_note":"","_monsterinsights_sitenote_category":0},"product_cat":[51],"product_tag":[107,98,108,105,128,106,109,103],"aioseo_notices":[],"_links":{"self":[{"href":"https:\/\/impresionexpress.com.co\/index.php\/wp-json\/wp\/v2\/product\/429"}],"collection":[{"href":"https:\/\/impresionexpress.com.co\/index.php\/wp-json\/wp\/v2\/product"}],"about":[{"href":"https:\/\/impresionexpress.com.co\/index.php\/wp-json\/wp\/v2\/types\/product"}],"version-history":[{"count":6,"href":"https:\/\/impresionexpress.com.co\/index.php\/wp-json\/wp\/v2\/product\/429\/revisions"}],"predecessor-version":[{"id":1214,"href":"https:\/\/impresionexpress.com.co\/index.php\/wp-json\/wp\/v2\/product\/429\/revisions\/1214"}],"wp:featuredmedia":[{"embeddable":true,"href":"https:\/\/impresionexpress.com.co\/index.php\/wp-json\/wp\/v2\/media\/1221"}],"wp:attachment":[{"href":"https:\/\/impresionexpress.com.co\/index.php\/wp-json\/wp\/v2\/media?parent=429"}],"wp:term":[{"taxonomy":"product_cat","embeddable":true,"href":"https:\/\/impresionexpress.com.co\/index.php\/wp-json\/wp\/v2\/product_cat?post=429"},{"taxonomy":"product_tag","embeddable":true,"href":"https:\/\/impresionexpress.com.co\/index.php\/wp-json\/wp\/v2\/product_tag?post=429"}],"curies":[{"name":"wp","href":"https:\/\/api.w.org\/{rel}","templated":true}]}}