{"id":434,"date":"2022-07-27T03:33:50","date_gmt":"2022-07-27T03:33:50","guid":{"rendered":"https:\/\/impresionexpress.com.co\/?post_type=product&#038;p=434"},"modified":"2022-08-09T01:16:15","modified_gmt":"2022-08-09T01:16:15","slug":"impresion-laser","status":"publish","type":"product","link":"https:\/\/impresionexpress.com.co\/index.php\/product\/impresion-laser\/","title":{"rendered":"Impresi\u00f3n L\u00e1ser"},"content":{"rendered":"","protected":false},"excerpt":{"rendered":"<h3>Impresi\u00f3n de alta calidad y nitidez para textos e im\u00e1genes\u00a0 de alto detalle, perfecto para documentos empresariales, dise\u00f1os personalizados, trabajos universitarios.<\/h3>\n","protected":false},"featured_media":1222,"template":"","meta":{"_monsterinsights_skip_tracking":false,"_monsterinsights_sitenote_active":false,"_monsterinsights_sitenote_note":"","_monsterinsights_sitenote_category":0},"product_cat":[51],"product_tag":[102,113,115,116],"aioseo_notices":[],"_links":{"self":[{"href":"https:\/\/impresionexpress.com.co\/index.php\/wp-json\/wp\/v2\/product\/434"}],"collection":[{"href":"https:\/\/impresionexpress.com.co\/index.php\/wp-json\/wp\/v2\/product"}],"about":[{"href":"https:\/\/impresionexpress.com.co\/index.php\/wp-json\/wp\/v2\/types\/product"}],"version-history":[{"count":3,"href":"https:\/\/impresionexpress.com.co\/index.php\/wp-json\/wp\/v2\/product\/434\/revisions"}],"predecessor-version":[{"id":812,"href":"https:\/\/impresionexpress.com.co\/index.php\/wp-json\/wp\/v2\/product\/434\/revisions\/812"}],"wp:featuredmedia":[{"embeddable":true,"href":"https:\/\/impresionexpress.com.co\/index.php\/wp-json\/wp\/v2\/media\/1222"}],"wp:attachment":[{"href":"https:\/\/impresionexpress.com.co\/index.php\/wp-json\/wp\/v2\/media?parent=434"}],"wp:term":[{"taxonomy":"product_cat","embeddable":true,"href":"https:\/\/impresionexpress.com.co\/index.php\/wp-json\/wp\/v2\/product_cat?post=434"},{"taxonomy":"product_tag","embeddable":true,"href":"https:\/\/impresionexpress.com.co\/index.php\/wp-json\/wp\/v2\/product_tag?post=434"}],"curies":[{"name":"wp","href":"https:\/\/api.w.org\/{rel}","templated":true}]}}