{"id":440,"date":"2022-07-27T03:53:36","date_gmt":"2022-07-27T03:53:36","guid":{"rendered":"https:\/\/impresionexpress.com.co\/?post_type=product&#038;p=440"},"modified":"2022-08-11T03:50:37","modified_gmt":"2022-08-11T03:50:37","slug":"fotoplanos","status":"publish","type":"product","link":"https:\/\/impresionexpress.com.co\/index.php\/product\/fotoplanos\/","title":{"rendered":"Fotoplanos"},"content":{"rendered":"","protected":false},"excerpt":{"rendered":"<h3>Impresi\u00f3n, scanner, de planos arquitect\u00f3nicos, de ingenier\u00eda, excelente calidad de imagen impresa para arquitectos, ingenieros, estudiantes y constructoras.<\/h3>\n","protected":false},"featured_media":1226,"template":"","meta":{"_monsterinsights_skip_tracking":false,"_monsterinsights_sitenote_active":false,"_monsterinsights_sitenote_note":"","_monsterinsights_sitenote_category":0},"product_cat":[57],"product_tag":[118,121,117,119,120],"aioseo_notices":[],"_links":{"self":[{"href":"https:\/\/impresionexpress.com.co\/index.php\/wp-json\/wp\/v2\/product\/440"}],"collection":[{"href":"https:\/\/impresionexpress.com.co\/index.php\/wp-json\/wp\/v2\/product"}],"about":[{"href":"https:\/\/impresionexpress.com.co\/index.php\/wp-json\/wp\/v2\/types\/product"}],"version-history":[{"count":4,"href":"https:\/\/impresionexpress.com.co\/index.php\/wp-json\/wp\/v2\/product\/440\/revisions"}],"predecessor-version":[{"id":1370,"href":"https:\/\/impresionexpress.com.co\/index.php\/wp-json\/wp\/v2\/product\/440\/revisions\/1370"}],"wp:featuredmedia":[{"embeddable":true,"href":"https:\/\/impresionexpress.com.co\/index.php\/wp-json\/wp\/v2\/media\/1226"}],"wp:attachment":[{"href":"https:\/\/impresionexpress.com.co\/index.php\/wp-json\/wp\/v2\/media?parent=440"}],"wp:term":[{"taxonomy":"product_cat","embeddable":true,"href":"https:\/\/impresionexpress.com.co\/index.php\/wp-json\/wp\/v2\/product_cat?post=440"},{"taxonomy":"product_tag","embeddable":true,"href":"https:\/\/impresionexpress.com.co\/index.php\/wp-json\/wp\/v2\/product_tag?post=440"}],"curies":[{"name":"wp","href":"https:\/\/api.w.org\/{rel}","templated":true}]}}