{"id":465,"date":"2022-07-27T14:17:06","date_gmt":"2022-07-27T14:17:06","guid":{"rendered":"https:\/\/impresionexpress.com.co\/?post_type=product&#038;p=465"},"modified":"2022-08-09T02:48:29","modified_gmt":"2022-08-09T02:48:29","slug":"pad-mouse","status":"publish","type":"product","link":"https:\/\/impresionexpress.com.co\/index.php\/product\/pad-mouse\/","title":{"rendered":"Pad Mouse"},"content":{"rendered":"","protected":false},"excerpt":{"rendered":"<h3>Impresi\u00f3n por sublimaci\u00f3n con dise\u00f1os personalizados, publicitarios para empresas<\/h3>\n","protected":false},"featured_media":1242,"template":"","meta":{"_monsterinsights_skip_tracking":false,"_monsterinsights_sitenote_active":false,"_monsterinsights_sitenote_note":"","_monsterinsights_sitenote_category":0},"product_cat":[49],"product_tag":[242,166,245,246,244,238,190,155,243,239],"aioseo_notices":[],"_links":{"self":[{"href":"https:\/\/impresionexpress.com.co\/index.php\/wp-json\/wp\/v2\/product\/465"}],"collection":[{"href":"https:\/\/impresionexpress.com.co\/index.php\/wp-json\/wp\/v2\/product"}],"about":[{"href":"https:\/\/impresionexpress.com.co\/index.php\/wp-json\/wp\/v2\/types\/product"}],"version-history":[{"count":3,"href":"https:\/\/impresionexpress.com.co\/index.php\/wp-json\/wp\/v2\/product\/465\/revisions"}],"predecessor-version":[{"id":1037,"href":"https:\/\/impresionexpress.com.co\/index.php\/wp-json\/wp\/v2\/product\/465\/revisions\/1037"}],"wp:featuredmedia":[{"embeddable":true,"href":"https:\/\/impresionexpress.com.co\/index.php\/wp-json\/wp\/v2\/media\/1242"}],"wp:attachment":[{"href":"https:\/\/impresionexpress.com.co\/index.php\/wp-json\/wp\/v2\/media?parent=465"}],"wp:term":[{"taxonomy":"product_cat","embeddable":true,"href":"https:\/\/impresionexpress.com.co\/index.php\/wp-json\/wp\/v2\/product_cat?post=465"},{"taxonomy":"product_tag","embeddable":true,"href":"https:\/\/impresionexpress.com.co\/index.php\/wp-json\/wp\/v2\/product_tag?post=465"}],"curies":[{"name":"wp","href":"https:\/\/api.w.org\/{rel}","templated":true}]}}