{"id":479,"date":"2022-07-27T14:51:26","date_gmt":"2022-07-27T14:51:26","guid":{"rendered":"https:\/\/impresionexpress.com.co\/?post_type=product&#038;p=479"},"modified":"2022-08-08T03:00:04","modified_gmt":"2022-08-08T03:00:04","slug":"impresion-laser-2","status":"publish","type":"product","link":"https:\/\/impresionexpress.com.co\/index.php\/product\/impresion-laser-2\/","title":{"rendered":"Impresi\u00f3n l\u00e1ser"},"content":{"rendered":"","protected":false},"excerpt":{"rendered":"<h3>Fotocopias de documentos, trabajos empresariales, dise\u00f1os personalizados en l\u00e1ser, perfecto para c\u00f3digos de barras c\u00f3digos QR, por su resoluci\u00f3n y fidelidad.<\/h3>\n","protected":false},"featured_media":1222,"template":"","meta":{"_monsterinsights_skip_tracking":false,"_monsterinsights_sitenote_active":false,"_monsterinsights_sitenote_note":"","_monsterinsights_sitenote_category":0},"product_cat":[79],"product_tag":[102,100,101,99,98,97],"aioseo_notices":[],"_links":{"self":[{"href":"https:\/\/impresionexpress.com.co\/index.php\/wp-json\/wp\/v2\/product\/479"}],"collection":[{"href":"https:\/\/impresionexpress.com.co\/index.php\/wp-json\/wp\/v2\/product"}],"about":[{"href":"https:\/\/impresionexpress.com.co\/index.php\/wp-json\/wp\/v2\/types\/product"}],"version-history":[{"count":5,"href":"https:\/\/impresionexpress.com.co\/index.php\/wp-json\/wp\/v2\/product\/479\/revisions"}],"predecessor-version":[{"id":813,"href":"https:\/\/impresionexpress.com.co\/index.php\/wp-json\/wp\/v2\/product\/479\/revisions\/813"}],"wp:featuredmedia":[{"embeddable":true,"href":"https:\/\/impresionexpress.com.co\/index.php\/wp-json\/wp\/v2\/media\/1222"}],"wp:attachment":[{"href":"https:\/\/impresionexpress.com.co\/index.php\/wp-json\/wp\/v2\/media?parent=479"}],"wp:term":[{"taxonomy":"product_cat","embeddable":true,"href":"https:\/\/impresionexpress.com.co\/index.php\/wp-json\/wp\/v2\/product_cat?post=479"},{"taxonomy":"product_tag","embeddable":true,"href":"https:\/\/impresionexpress.com.co\/index.php\/wp-json\/wp\/v2\/product_tag?post=479"}],"curies":[{"name":"wp","href":"https:\/\/api.w.org\/{rel}","templated":true}]}}