{"id":596,"date":"2022-07-28T23:07:03","date_gmt":"2022-07-28T23:07:03","guid":{"rendered":"https:\/\/impresionexpress.com.co\/?post_type=product&#038;p=596"},"modified":"2022-08-11T03:48:58","modified_gmt":"2022-08-11T03:48:58","slug":"fotocopias-negro","status":"publish","type":"product","link":"https:\/\/impresionexpress.com.co\/index.php\/product\/fotocopias-negro\/","title":{"rendered":"Fotocopias Negro"},"content":{"rendered":"","protected":false},"excerpt":{"rendered":"<h3>Fotocopias en Negro, perfecto para documentos, trabajos, dise\u00f1os, papeler\u00eda, trabajos empresariales, licitaciones, fotocopias de libros, fidelidad y resoluci\u00f3n alta, para mayor legibilidad.<\/h3>\n","protected":false},"featured_media":1257,"template":"","meta":{"_monsterinsights_skip_tracking":false,"_monsterinsights_sitenote_active":false,"_monsterinsights_sitenote_note":"","_monsterinsights_sitenote_category":0},"product_cat":[54],"product_tag":[102,99,98,104,97,103],"aioseo_notices":[],"_links":{"self":[{"href":"https:\/\/impresionexpress.com.co\/index.php\/wp-json\/wp\/v2\/product\/596"}],"collection":[{"href":"https:\/\/impresionexpress.com.co\/index.php\/wp-json\/wp\/v2\/product"}],"about":[{"href":"https:\/\/impresionexpress.com.co\/index.php\/wp-json\/wp\/v2\/types\/product"}],"version-history":[{"count":6,"href":"https:\/\/impresionexpress.com.co\/index.php\/wp-json\/wp\/v2\/product\/596\/revisions"}],"predecessor-version":[{"id":1369,"href":"https:\/\/impresionexpress.com.co\/index.php\/wp-json\/wp\/v2\/product\/596\/revisions\/1369"}],"wp:featuredmedia":[{"embeddable":true,"href":"https:\/\/impresionexpress.com.co\/index.php\/wp-json\/wp\/v2\/media\/1257"}],"wp:attachment":[{"href":"https:\/\/impresionexpress.com.co\/index.php\/wp-json\/wp\/v2\/media?parent=596"}],"wp:term":[{"taxonomy":"product_cat","embeddable":true,"href":"https:\/\/impresionexpress.com.co\/index.php\/wp-json\/wp\/v2\/product_cat?post=596"},{"taxonomy":"product_tag","embeddable":true,"href":"https:\/\/impresionexpress.com.co\/index.php\/wp-json\/wp\/v2\/product_tag?post=596"}],"curies":[{"name":"wp","href":"https:\/\/api.w.org\/{rel}","templated":true}]}}