{"id":829,"date":"2022-08-03T02:46:59","date_gmt":"2022-08-03T02:46:59","guid":{"rendered":"https:\/\/impresionexpress.com.co\/?post_type=product&#038;p=829"},"modified":"2022-08-10T03:40:36","modified_gmt":"2022-08-10T03:40:36","slug":"impresion-planos","status":"publish","type":"product","link":"https:\/\/impresionexpress.com.co\/index.php\/product\/impresion-planos\/","title":{"rendered":"Impresi\u00f3n de Planos"},"content":{"rendered":"","protected":false},"excerpt":{"rendered":"<h3>Impresi\u00f3n de planos en color y negro, de excelente nitidez resoluc\u00ed\u00f3n, para constructoras, arquitectos, ingenieros, dise\u00f1adores.<\/h3>\n","protected":false},"featured_media":1226,"template":"","meta":{"_monsterinsights_skip_tracking":false,"_monsterinsights_sitenote_active":false,"_monsterinsights_sitenote_note":"","_monsterinsights_sitenote_category":0},"product_cat":[51],"product_tag":[139,267,125,140,105,137,119,138,143],"aioseo_notices":[],"_links":{"self":[{"href":"https:\/\/impresionexpress.com.co\/index.php\/wp-json\/wp\/v2\/product\/829"}],"collection":[{"href":"https:\/\/impresionexpress.com.co\/index.php\/wp-json\/wp\/v2\/product"}],"about":[{"href":"https:\/\/impresionexpress.com.co\/index.php\/wp-json\/wp\/v2\/types\/product"}],"version-history":[{"count":3,"href":"https:\/\/impresionexpress.com.co\/index.php\/wp-json\/wp\/v2\/product\/829\/revisions"}],"predecessor-version":[{"id":870,"href":"https:\/\/impresionexpress.com.co\/index.php\/wp-json\/wp\/v2\/product\/829\/revisions\/870"}],"wp:featuredmedia":[{"embeddable":true,"href":"https:\/\/impresionexpress.com.co\/index.php\/wp-json\/wp\/v2\/media\/1226"}],"wp:attachment":[{"href":"https:\/\/impresionexpress.com.co\/index.php\/wp-json\/wp\/v2\/media?parent=829"}],"wp:term":[{"taxonomy":"product_cat","embeddable":true,"href":"https:\/\/impresionexpress.com.co\/index.php\/wp-json\/wp\/v2\/product_cat?post=829"},{"taxonomy":"product_tag","embeddable":true,"href":"https:\/\/impresionexpress.com.co\/index.php\/wp-json\/wp\/v2\/product_tag?post=829"}],"curies":[{"name":"wp","href":"https:\/\/api.w.org\/{rel}","templated":true}]}}