{"id":833,"date":"2022-08-03T02:46:59","date_gmt":"2022-08-03T02:46:59","guid":{"rendered":"https:\/\/impresionexpress.com.co\/?post_type=product&#038;p=833"},"modified":"2022-08-10T03:12:41","modified_gmt":"2022-08-10T03:12:41","slug":"factureros","status":"publish","type":"product","link":"https:\/\/impresionexpress.com.co\/index.php\/product\/factureros\/","title":{"rendered":"Factureros"},"content":{"rendered":"","protected":false},"excerpt":{"rendered":"<h3>Impresi\u00f3n de factureros, recibos de caja, remisiones, en papel qu\u00edmico, con numeraci\u00f3n consecutiva.<\/h3>\n","protected":false},"featured_media":1293,"template":"","meta":{"_monsterinsights_skip_tracking":false,"_monsterinsights_sitenote_active":false,"_monsterinsights_sitenote_note":"","_monsterinsights_sitenote_category":0},"product_cat":[62],"product_tag":[129,132,204,205,131,130],"aioseo_notices":[],"_links":{"self":[{"href":"https:\/\/impresionexpress.com.co\/index.php\/wp-json\/wp\/v2\/product\/833"}],"collection":[{"href":"https:\/\/impresionexpress.com.co\/index.php\/wp-json\/wp\/v2\/product"}],"about":[{"href":"https:\/\/impresionexpress.com.co\/index.php\/wp-json\/wp\/v2\/types\/product"}],"version-history":[{"count":5,"href":"https:\/\/impresionexpress.com.co\/index.php\/wp-json\/wp\/v2\/product\/833\/revisions"}],"predecessor-version":[{"id":864,"href":"https:\/\/impresionexpress.com.co\/index.php\/wp-json\/wp\/v2\/product\/833\/revisions\/864"}],"wp:featuredmedia":[{"embeddable":true,"href":"https:\/\/impresionexpress.com.co\/index.php\/wp-json\/wp\/v2\/media\/1293"}],"wp:attachment":[{"href":"https:\/\/impresionexpress.com.co\/index.php\/wp-json\/wp\/v2\/media?parent=833"}],"wp:term":[{"taxonomy":"product_cat","embeddable":true,"href":"https:\/\/impresionexpress.com.co\/index.php\/wp-json\/wp\/v2\/product_cat?post=833"},{"taxonomy":"product_tag","embeddable":true,"href":"https:\/\/impresionexpress.com.co\/index.php\/wp-json\/wp\/v2\/product_tag?post=833"}],"curies":[{"name":"wp","href":"https:\/\/api.w.org\/{rel}","templated":true}]}}