{"id":943,"date":"2022-08-05T03:41:22","date_gmt":"2022-08-05T03:41:22","guid":{"rendered":"https:\/\/impresionexpress.com.co\/?post_type=product&#038;p=943"},"modified":"2022-08-17T20:55:44","modified_gmt":"2022-08-18T01:55:44","slug":"banderas-publicitarias","status":"publish","type":"product","link":"https:\/\/impresionexpress.com.co\/index.php\/product\/banderas-publicitarias\/","title":{"rendered":"Banderas Publicitarias"},"content":{"rendered":"","protected":false},"excerpt":{"rendered":"<h3>Para uso en interiores o exteriores. Promocione la inauguraci\u00f3n de una empresa, un nuevo producto o servicio, un evento especial o un evento deportivo, para constructoras y salas de ventas. Son un modo vers\u00e1til de publicidad. Excelente manera de llamar la atenci\u00f3n y ganar clientes potenciales. Pueden incluir el logotipo y la informaci\u00f3n de su empresa.<\/h3>\n","protected":false},"featured_media":1319,"template":"","meta":{"_monsterinsights_skip_tracking":false,"_monsterinsights_sitenote_active":false,"_monsterinsights_sitenote_note":"","_monsterinsights_sitenote_category":0},"product_cat":[46],"product_tag":[221,125,219,222,223,165,155],"aioseo_notices":[],"_links":{"self":[{"href":"https:\/\/impresionexpress.com.co\/index.php\/wp-json\/wp\/v2\/product\/943"}],"collection":[{"href":"https:\/\/impresionexpress.com.co\/index.php\/wp-json\/wp\/v2\/product"}],"about":[{"href":"https:\/\/impresionexpress.com.co\/index.php\/wp-json\/wp\/v2\/types\/product"}],"version-history":[{"count":4,"href":"https:\/\/impresionexpress.com.co\/index.php\/wp-json\/wp\/v2\/product\/943\/revisions"}],"predecessor-version":[{"id":1401,"href":"https:\/\/impresionexpress.com.co\/index.php\/wp-json\/wp\/v2\/product\/943\/revisions\/1401"}],"wp:featuredmedia":[{"embeddable":true,"href":"https:\/\/impresionexpress.com.co\/index.php\/wp-json\/wp\/v2\/media\/1319"}],"wp:attachment":[{"href":"https:\/\/impresionexpress.com.co\/index.php\/wp-json\/wp\/v2\/media?parent=943"}],"wp:term":[{"taxonomy":"product_cat","embeddable":true,"href":"https:\/\/impresionexpress.com.co\/index.php\/wp-json\/wp\/v2\/product_cat?post=943"},{"taxonomy":"product_tag","embeddable":true,"href":"https:\/\/impresionexpress.com.co\/index.php\/wp-json\/wp\/v2\/product_tag?post=943"}],"curies":[{"name":"wp","href":"https:\/\/api.w.org\/{rel}","templated":true}]}}