{"id":946,"date":"2022-08-05T03:41:55","date_gmt":"2022-08-05T03:41:55","guid":{"rendered":"https:\/\/impresionexpress.com.co\/?post_type=product&#038;p=946"},"modified":"2022-08-20T12:50:39","modified_gmt":"2022-08-20T17:50:39","slug":"decoracion-sala-de-ventas","status":"publish","type":"product","link":"https:\/\/impresionexpress.com.co\/index.php\/product\/decoracion-sala-de-ventas\/","title":{"rendered":"Decoraci\u00f3n Sala de Ventas"},"content":{"rendered":"","protected":false},"excerpt":{"rendered":"<h3>Dise\u00f1o interior de sala de ventas para promoci\u00f3n inmobiliaria. Se realizan en banner, vinilo microperforado, acr\u00edlico y poliestireno. Impresi\u00f3n vinilo en espejo<\/h3>\n","protected":false},"featured_media":1321,"template":"","meta":{"_monsterinsights_skip_tracking":false,"_monsterinsights_sitenote_active":false,"_monsterinsights_sitenote_note":"","_monsterinsights_sitenote_category":0},"product_cat":[46],"product_tag":[154,226,219,224,155,225],"aioseo_notices":[],"_links":{"self":[{"href":"https:\/\/impresionexpress.com.co\/index.php\/wp-json\/wp\/v2\/product\/946"}],"collection":[{"href":"https:\/\/impresionexpress.com.co\/index.php\/wp-json\/wp\/v2\/product"}],"about":[{"href":"https:\/\/impresionexpress.com.co\/index.php\/wp-json\/wp\/v2\/types\/product"}],"version-history":[{"count":4,"href":"https:\/\/impresionexpress.com.co\/index.php\/wp-json\/wp\/v2\/product\/946\/revisions"}],"predecessor-version":[{"id":1424,"href":"https:\/\/impresionexpress.com.co\/index.php\/wp-json\/wp\/v2\/product\/946\/revisions\/1424"}],"wp:featuredmedia":[{"embeddable":true,"href":"https:\/\/impresionexpress.com.co\/index.php\/wp-json\/wp\/v2\/media\/1321"}],"wp:attachment":[{"href":"https:\/\/impresionexpress.com.co\/index.php\/wp-json\/wp\/v2\/media?parent=946"}],"wp:term":[{"taxonomy":"product_cat","embeddable":true,"href":"https:\/\/impresionexpress.com.co\/index.php\/wp-json\/wp\/v2\/product_cat?post=946"},{"taxonomy":"product_tag","embeddable":true,"href":"https:\/\/impresionexpress.com.co\/index.php\/wp-json\/wp\/v2\/product_tag?post=946"}],"curies":[{"name":"wp","href":"https:\/\/api.w.org\/{rel}","templated":true}]}}