{"id":952,"date":"2022-08-05T03:44:12","date_gmt":"2022-08-05T03:44:12","guid":{"rendered":"https:\/\/impresionexpress.com.co\/?post_type=product&#038;p=952"},"modified":"2022-08-15T18:22:42","modified_gmt":"2022-08-15T18:22:42","slug":"bastidores","status":"publish","type":"product","link":"https:\/\/impresionexpress.com.co\/index.php\/product\/bastidores\/","title":{"rendered":"Bastidores"},"content":{"rendered":"","protected":false},"excerpt":{"rendered":"<h3><b>Opci\u00f3n flexible y para publicidad exterior e interior<\/b>, costo competitivo y con im\u00e1genes de alta fidelidad y a todo color. Sin importar el tama\u00f1o o el tipo de instalaci\u00f3n.<\/h3>\n","protected":false},"featured_media":1330,"template":"","meta":{"_monsterinsights_skip_tracking":false,"_monsterinsights_sitenote_active":false,"_monsterinsights_sitenote_note":"","_monsterinsights_sitenote_category":0},"product_cat":[46],"product_tag":[158,222,165,224,171,232],"aioseo_notices":[],"_links":{"self":[{"href":"https:\/\/impresionexpress.com.co\/index.php\/wp-json\/wp\/v2\/product\/952"}],"collection":[{"href":"https:\/\/impresionexpress.com.co\/index.php\/wp-json\/wp\/v2\/product"}],"about":[{"href":"https:\/\/impresionexpress.com.co\/index.php\/wp-json\/wp\/v2\/types\/product"}],"version-history":[{"count":2,"href":"https:\/\/impresionexpress.com.co\/index.php\/wp-json\/wp\/v2\/product\/952\/revisions"}],"predecessor-version":[{"id":1015,"href":"https:\/\/impresionexpress.com.co\/index.php\/wp-json\/wp\/v2\/product\/952\/revisions\/1015"}],"wp:featuredmedia":[{"embeddable":true,"href":"https:\/\/impresionexpress.com.co\/index.php\/wp-json\/wp\/v2\/media\/1330"}],"wp:attachment":[{"href":"https:\/\/impresionexpress.com.co\/index.php\/wp-json\/wp\/v2\/media?parent=952"}],"wp:term":[{"taxonomy":"product_cat","embeddable":true,"href":"https:\/\/impresionexpress.com.co\/index.php\/wp-json\/wp\/v2\/product_cat?post=952"},{"taxonomy":"product_tag","embeddable":true,"href":"https:\/\/impresionexpress.com.co\/index.php\/wp-json\/wp\/v2\/product_tag?post=952"}],"curies":[{"name":"wp","href":"https:\/\/api.w.org\/{rel}","templated":true}]}}